{"id":6539,"date":"2026-03-31T08:38:25","date_gmt":"2026-03-31T08:38:25","guid":{"rendered":"https:\/\/www.yarenotomotiv.com\/?post_type=product&#038;p=6539"},"modified":"2026-03-31T08:38:26","modified_gmt":"2026-03-31T08:38:26","slug":"hyundai-i20-gb-2014-2020-hava-akis-metresi-maf-sensoru","status":"publish","type":"product","link":"https:\/\/www.yarenotomotiv.com\/product\/hyundai-i20-gb-2014-2020-hava-akis-metresi-maf-sensoru\/","title":{"rendered":"Hyundai i20 GB (2014-2020) Hava Ak\u0131\u015f Metresi (MAF Sens\u00f6r\u00fc)"},"content":{"rendered":"<p>Hyundai i20 GB (2014-2020) ara\u00e7lar i\u00e7in uyumlu hava Ak\u0131\u015f Metresi (MAF Sens\u00f6r\u00fc) \u00fcr\u00fcn\u00fcd\u00fcr. Yaren Otomotiv uzmanl\u0131\u011f\u0131 ve Ankara \u015ea\u015fmaz\u2019daki ma\u011fazam\u0131zda bulunan kaliteli ve uygun fiyatl\u0131 stoklar\u0131yla h\u0131zl\u0131 tedarik sa\u011flanmaktad\u0131r. \u00dcr\u00fcn uyumlulu\u011fu i\u00e7in WhatsApp \u00fczerinden ara\u00e7 \u015fase numaras\u0131 ile an\u0131nda bilgi alabilirsiniz.<\/p>\n","protected":false},"excerpt":{"rendered":"<p>Hyundai i20 GB (2014-2020) modelleri ile uyumlu hava Ak\u0131\u015f Metresi (MAF Sens\u00f6r\u00fc). Ankara Yaren Otomotiv \u2705 Japon &#038; Kore Yedek Par\u00e7a Uzman\u0131 \ud83d\udd0d \u015ease no ile %100 uyum garantisi. \ud83d\udccd Ankara \u015ea\u015fmaz Stoklar\u0131.<\/p>\n","protected":false},"featured_media":2288,"comment_status":"open","ping_status":"closed","template":"","meta":{"site-sidebar-layout":"default","site-content-layout":"","ast-site-content-layout":"default","site-content-style":"default","site-sidebar-style":"default","ast-global-header-display":"","ast-banner-title-visibility":"","ast-main-header-display":"","ast-hfb-above-header-display":"","ast-hfb-below-header-display":"","ast-hfb-mobile-header-display":"","site-post-title":"","ast-breadcrumbs-content":"","ast-featured-img":"","footer-sml-layout":"","ast-disable-related-posts":"","theme-transparent-header-meta":"","adv-header-id-meta":"","stick-header-meta":"","header-above-stick-meta":"","header-main-stick-meta":"","header-below-stick-meta":"","astra-migrate-meta-layouts":"default","ast-page-background-enabled":"default","ast-page-background-meta":{"desktop":{"background-color":"var(--ast-global-color-5)","background-image":"","background-repeat":"repeat","background-position":"center center","background-size":"auto","background-attachment":"scroll","background-type":"","background-media":"","overlay-type":"","overlay-color":"","overlay-opacity":"","overlay-gradient":""},"tablet":{"background-color":"","background-image":"","background-repeat":"repeat","background-position":"center center","background-size":"auto","background-attachment":"scroll","background-type":"","background-media":"","overlay-type":"","overlay-color":"","overlay-opacity":"","overlay-gradient":""},"mobile":{"background-color":"","background-image":"","background-repeat":"repeat","background-position":"center center","background-size":"auto","background-attachment":"scroll","background-type":"","background-media":"","overlay-type":"","overlay-color":"","overlay-opacity":"","overlay-gradient":""}},"ast-content-background-meta":{"desktop":{"background-color":"var(--ast-global-color-4)","background-image":"","background-repeat":"repeat","background-position":"center center","background-size":"auto","background-attachment":"scroll","background-type":"","background-media":"","overlay-type":"","overlay-color":"","overlay-opacity":"","overlay-gradient":""},"tablet":{"background-color":"var(--ast-global-color-4)","background-image":"","background-repeat":"repeat","background-position":"center center","background-size":"auto","background-attachment":"scroll","background-type":"","background-media":"","overlay-type":"","overlay-color":"","overlay-opacity":"","overlay-gradient":""},"mobile":{"background-color":"var(--ast-global-color-4)","background-image":"","background-repeat":"repeat","background-position":"center center","background-size":"auto","background-attachment":"scroll","background-type":"","background-media":"","overlay-type":"","overlay-color":"","overlay-opacity":"","overlay-gradient":""}}},"product_brand":[4864],"product_cat":[668],"product_tag":[5636],"class_list":{"0":"post-6539","1":"product","2":"type-product","3":"status-publish","4":"has-post-thumbnail","6":"product_brand-hyundai","7":"product_cat-yakit-ve-atesleme-sistemi","8":"product_tag-hyundai-i20-hava-akis-metresi-maf-sensoru-i20-gb-hava-akis-metresi-maf-sensoru-yaren-otomotiv-yaren-yedek-parca-bosch-hava-akis-metresi-maf-sensoru","9":"pa_marka-hyundai","10":"pa_model-i20","11":"pa_uyumlu-araclar-hyundai-i20-gb-2014-2020","12":"desktop-align-center","13":"tablet-align-left","14":"mobile-align-left","16":"first","17":"instock","18":"shipping-taxable","19":"product-type-simple"},"_links":{"self":[{"href":"https:\/\/www.yarenotomotiv.com\/wp-json\/wp\/v2\/product\/6539","targetHints":{"allow":["GET"]}}],"collection":[{"href":"https:\/\/www.yarenotomotiv.com\/wp-json\/wp\/v2\/product"}],"about":[{"href":"https:\/\/www.yarenotomotiv.com\/wp-json\/wp\/v2\/types\/product"}],"replies":[{"embeddable":true,"href":"https:\/\/www.yarenotomotiv.com\/wp-json\/wp\/v2\/comments?post=6539"}],"wp:featuredmedia":[{"embeddable":true,"href":"https:\/\/www.yarenotomotiv.com\/wp-json\/wp\/v2\/media\/2288"}],"wp:attachment":[{"href":"https:\/\/www.yarenotomotiv.com\/wp-json\/wp\/v2\/media?parent=6539"}],"wp:term":[{"taxonomy":"product_brand","embeddable":true,"href":"https:\/\/www.yarenotomotiv.com\/wp-json\/wp\/v2\/product_brand?post=6539"},{"taxonomy":"product_cat","embeddable":true,"href":"https:\/\/www.yarenotomotiv.com\/wp-json\/wp\/v2\/product_cat?post=6539"},{"taxonomy":"product_tag","embeddable":true,"href":"https:\/\/www.yarenotomotiv.com\/wp-json\/wp\/v2\/product_tag?post=6539"}],"curies":[{"name":"wp","href":"https:\/\/api.w.org\/{rel}","templated":true}]}}