{"id":9404,"date":"2026-03-31T19:58:52","date_gmt":"2026-03-31T19:58:52","guid":{"rendered":"https:\/\/www.yarenotomotiv.com\/?post_type=product&#038;p=9404"},"modified":"2026-03-31T19:58:53","modified_gmt":"2026-03-31T19:58:53","slug":"mitsubishi-l200-magnum-1997-2006-radyator-hortumu","status":"publish","type":"product","link":"https:\/\/www.yarenotomotiv.com\/product\/mitsubishi-l200-magnum-1997-2006-radyator-hortumu\/","title":{"rendered":"Mitsubishi L200 Magnum (1997-2006) Radyat\u00f6r Hortumu"},"content":{"rendered":"<p>Mitsubishi L200 Magnum (1997-2006) ara\u00e7lar i\u00e7in uyumlu radyat\u00f6r Hortumu \u00fcr\u00fcn\u00fcd\u00fcr. Yaren Otomotiv uzmanl\u0131\u011f\u0131 ve Ankara \u015ea\u015fmaz\u2019daki ma\u011fazam\u0131zda bulunan kaliteli ve uygun fiyatl\u0131 stoklar\u0131yla h\u0131zl\u0131 tedarik sa\u011flanmaktad\u0131r. \u00dcr\u00fcn uyumlulu\u011fu i\u00e7in WhatsApp \u00fczerinden ara\u00e7 \u015fase numaras\u0131 ile an\u0131nda bilgi alabilirsiniz.<\/p>\n","protected":false},"excerpt":{"rendered":"<p>Mitsubishi L200 Magnum (1997-2006) modelleri ile uyumlu radyat\u00f6r Hortumu. Ankara Yaren Otomotiv \u2705 Japon &#038; Kore Yedek Par\u00e7a Uzman\u0131 \ud83d\udd0d \u015ease no ile %100 uyum garantisi. \ud83d\udccd Ankara \u015ea\u015fmaz Stoklar\u0131.<\/p>\n","protected":false},"featured_media":2308,"comment_status":"open","ping_status":"closed","template":"","meta":{"site-sidebar-layout":"default","site-content-layout":"","ast-site-content-layout":"default","site-content-style":"default","site-sidebar-style":"default","ast-global-header-display":"","ast-banner-title-visibility":"","ast-main-header-display":"","ast-hfb-above-header-display":"","ast-hfb-below-header-display":"","ast-hfb-mobile-header-display":"","site-post-title":"","ast-breadcrumbs-content":"","ast-featured-img":"","footer-sml-layout":"","ast-disable-related-posts":"","theme-transparent-header-meta":"","adv-header-id-meta":"","stick-header-meta":"","header-above-stick-meta":"","header-main-stick-meta":"","header-below-stick-meta":"","astra-migrate-meta-layouts":"default","ast-page-background-enabled":"default","ast-page-background-meta":{"desktop":{"background-color":"var(--ast-global-color-5)","background-image":"","background-repeat":"repeat","background-position":"center center","background-size":"auto","background-attachment":"scroll","background-type":"","background-media":"","overlay-type":"","overlay-color":"","overlay-opacity":"","overlay-gradient":""},"tablet":{"background-color":"","background-image":"","background-repeat":"repeat","background-position":"center center","background-size":"auto","background-attachment":"scroll","background-type":"","background-media":"","overlay-type":"","overlay-color":"","overlay-opacity":"","overlay-gradient":""},"mobile":{"background-color":"","background-image":"","background-repeat":"repeat","background-position":"center center","background-size":"auto","background-attachment":"scroll","background-type":"","background-media":"","overlay-type":"","overlay-color":"","overlay-opacity":"","overlay-gradient":""}},"ast-content-background-meta":{"desktop":{"background-color":"var(--ast-global-color-4)","background-image":"","background-repeat":"repeat","background-position":"center center","background-size":"auto","background-attachment":"scroll","background-type":"","background-media":"","overlay-type":"","overlay-color":"","overlay-opacity":"","overlay-gradient":""},"tablet":{"background-color":"var(--ast-global-color-4)","background-image":"","background-repeat":"repeat","background-position":"center center","background-size":"auto","background-attachment":"scroll","background-type":"","background-media":"","overlay-type":"","overlay-color":"","overlay-opacity":"","overlay-gradient":""},"mobile":{"background-color":"var(--ast-global-color-4)","background-image":"","background-repeat":"repeat","background-position":"center center","background-size":"auto","background-attachment":"scroll","background-type":"","background-media":"","overlay-type":"","overlay-color":"","overlay-opacity":"","overlay-gradient":""}}},"product_brand":[8379],"product_cat":[662],"product_tag":[8542],"class_list":{"0":"post-9404","1":"product","2":"type-product","3":"status-publish","4":"has-post-thumbnail","6":"product_brand-mitsubishi","7":"product_cat-sogutma-ve-isitma-sistemi","8":"product_tag-mitsubishi-l200-radyator-hortumu-l200-magnum-radyator-hortumu-yaren-otomotiv-yaren-yedek-parca-gates-radyator-hortumu","9":"pa_marka-mitsubishi","10":"pa_model-l200","11":"pa_uyumlu-araclar-mitsubishi-l200-magnum-1997-2006","12":"desktop-align-center","13":"tablet-align-left","14":"mobile-align-left","16":"first","17":"instock","18":"shipping-taxable","19":"product-type-simple"},"_links":{"self":[{"href":"https:\/\/www.yarenotomotiv.com\/wp-json\/wp\/v2\/product\/9404","targetHints":{"allow":["GET"]}}],"collection":[{"href":"https:\/\/www.yarenotomotiv.com\/wp-json\/wp\/v2\/product"}],"about":[{"href":"https:\/\/www.yarenotomotiv.com\/wp-json\/wp\/v2\/types\/product"}],"replies":[{"embeddable":true,"href":"https:\/\/www.yarenotomotiv.com\/wp-json\/wp\/v2\/comments?post=9404"}],"wp:featuredmedia":[{"embeddable":true,"href":"https:\/\/www.yarenotomotiv.com\/wp-json\/wp\/v2\/media\/2308"}],"wp:attachment":[{"href":"https:\/\/www.yarenotomotiv.com\/wp-json\/wp\/v2\/media?parent=9404"}],"wp:term":[{"taxonomy":"product_brand","embeddable":true,"href":"https:\/\/www.yarenotomotiv.com\/wp-json\/wp\/v2\/product_brand?post=9404"},{"taxonomy":"product_cat","embeddable":true,"href":"https:\/\/www.yarenotomotiv.com\/wp-json\/wp\/v2\/product_cat?post=9404"},{"taxonomy":"product_tag","embeddable":true,"href":"https:\/\/www.yarenotomotiv.com\/wp-json\/wp\/v2\/product_tag?post=9404"}],"curies":[{"name":"wp","href":"https:\/\/api.w.org\/{rel}","templated":true}]}}