{"id":9957,"date":"2026-03-31T21:24:46","date_gmt":"2026-03-31T21:24:46","guid":{"rendered":"https:\/\/www.yarenotomotiv.com\/?post_type=product&#038;p=9957"},"modified":"2026-04-01T07:07:33","modified_gmt":"2026-04-01T07:07:33","slug":"mitsubishi-lancer-cs-2003-2007-abs-hiz-sensoru","status":"publish","type":"product","link":"https:\/\/www.yarenotomotiv.com\/product\/mitsubishi-lancer-cs-2003-2007-abs-hiz-sensoru\/","title":{"rendered":"Mitsubishi Lancer CS (2003-2007) ABS H\u0131z Sens\u00f6r\u00fc"},"content":{"rendered":"<p>Mitsubishi Lancer CS (2003-2007) ara\u00e7lar i\u00e7in uyumlu aBS H\u0131z Sens\u00f6r\u00fc \u00fcr\u00fcn\u00fcd\u00fcr. Yaren Otomotiv uzmanl\u0131\u011f\u0131 ve Ankara \u015ea\u015fmaz\u2019daki ma\u011fazam\u0131zda bulunan kaliteli ve uygun fiyatl\u0131 stoklar\u0131yla h\u0131zl\u0131 tedarik sa\u011flanmaktad\u0131r. \u00dcr\u00fcn uyumlulu\u011fu i\u00e7in WhatsApp \u00fczerinden ara\u00e7 \u015fase numaras\u0131 ile an\u0131nda bilgi alabilirsiniz.<\/p>\n","protected":false},"excerpt":{"rendered":"<p>Mitsubishi Lancer CS (2003-2007) modelleri ile uyumlu aBS H\u0131z Sens\u00f6r\u00fc. Ankara Yaren Otomotiv \u2705 Japon &#038; Kore Yedek Par\u00e7a Uzman\u0131 \ud83d\udd0d \u015ease no ile %100 uyum garantisi. \ud83d\udccd Ankara \u015ea\u015fmaz Stoklar\u0131.<\/p>\n","protected":false},"featured_media":2332,"comment_status":"open","ping_status":"closed","template":"","meta":{"site-sidebar-layout":"default","site-content-layout":"","ast-site-content-layout":"default","site-content-style":"default","site-sidebar-style":"default","ast-global-header-display":"","ast-banner-title-visibility":"","ast-main-header-display":"","ast-hfb-above-header-display":"","ast-hfb-below-header-display":"","ast-hfb-mobile-header-display":"","site-post-title":"","ast-breadcrumbs-content":"","ast-featured-img":"","footer-sml-layout":"","ast-disable-related-posts":"","theme-transparent-header-meta":"","adv-header-id-meta":"","stick-header-meta":"","header-above-stick-meta":"","header-main-stick-meta":"","header-below-stick-meta":"","astra-migrate-meta-layouts":"default","ast-page-background-enabled":"default","ast-page-background-meta":{"desktop":{"background-color":"var(--ast-global-color-5)","background-image":"","background-repeat":"repeat","background-position":"center center","background-size":"auto","background-attachment":"scroll","background-type":"","background-media":"","overlay-type":"","overlay-color":"","overlay-opacity":"","overlay-gradient":""},"tablet":{"background-color":"","background-image":"","background-repeat":"repeat","background-position":"center center","background-size":"auto","background-attachment":"scroll","background-type":"","background-media":"","overlay-type":"","overlay-color":"","overlay-opacity":"","overlay-gradient":""},"mobile":{"background-color":"","background-image":"","background-repeat":"repeat","background-position":"center center","background-size":"auto","background-attachment":"scroll","background-type":"","background-media":"","overlay-type":"","overlay-color":"","overlay-opacity":"","overlay-gradient":""}},"ast-content-background-meta":{"desktop":{"background-color":"var(--ast-global-color-4)","background-image":"","background-repeat":"repeat","background-position":"center center","background-size":"auto","background-attachment":"scroll","background-type":"","background-media":"","overlay-type":"","overlay-color":"","overlay-opacity":"","overlay-gradient":""},"tablet":{"background-color":"var(--ast-global-color-4)","background-image":"","background-repeat":"repeat","background-position":"center center","background-size":"auto","background-attachment":"scroll","background-type":"","background-media":"","overlay-type":"","overlay-color":"","overlay-opacity":"","overlay-gradient":""},"mobile":{"background-color":"var(--ast-global-color-4)","background-image":"","background-repeat":"repeat","background-position":"center center","background-size":"auto","background-attachment":"scroll","background-type":"","background-media":"","overlay-type":"","overlay-color":"","overlay-opacity":"","overlay-gradient":""}}},"product_brand":[8379],"product_cat":[645],"product_tag":[9095],"class_list":{"0":"post-9957","1":"product","2":"type-product","3":"status-publish","4":"has-post-thumbnail","6":"product_brand-mitsubishi","7":"product_cat-fren-aksami","8":"product_tag-mitsubishi-lancer-abs-hiz-sensoru-lancer-cs-abs-hiz-sensoru-yaren-otomotiv-yaren-yedek-parca-bosch-abs-hiz-sensoru","9":"pa_model-lancer","10":"pa_uyumlu-araclar-mitsubishi-lancer-cs-2003-2007","11":"desktop-align-center","12":"tablet-align-left","13":"mobile-align-left","15":"first","16":"instock","17":"shipping-taxable","18":"product-type-simple"},"_links":{"self":[{"href":"https:\/\/www.yarenotomotiv.com\/wp-json\/wp\/v2\/product\/9957","targetHints":{"allow":["GET"]}}],"collection":[{"href":"https:\/\/www.yarenotomotiv.com\/wp-json\/wp\/v2\/product"}],"about":[{"href":"https:\/\/www.yarenotomotiv.com\/wp-json\/wp\/v2\/types\/product"}],"replies":[{"embeddable":true,"href":"https:\/\/www.yarenotomotiv.com\/wp-json\/wp\/v2\/comments?post=9957"}],"wp:featuredmedia":[{"embeddable":true,"href":"https:\/\/www.yarenotomotiv.com\/wp-json\/wp\/v2\/media\/2332"}],"wp:attachment":[{"href":"https:\/\/www.yarenotomotiv.com\/wp-json\/wp\/v2\/media?parent=9957"}],"wp:term":[{"taxonomy":"product_brand","embeddable":true,"href":"https:\/\/www.yarenotomotiv.com\/wp-json\/wp\/v2\/product_brand?post=9957"},{"taxonomy":"product_cat","embeddable":true,"href":"https:\/\/www.yarenotomotiv.com\/wp-json\/wp\/v2\/product_cat?post=9957"},{"taxonomy":"product_tag","embeddable":true,"href":"https:\/\/www.yarenotomotiv.com\/wp-json\/wp\/v2\/product_tag?post=9957"}],"curies":[{"name":"wp","href":"https:\/\/api.w.org\/{rel}","templated":true}]}}